{"id":1051,"date":"2021-09-02T09:53:38","date_gmt":"2021-09-02T07:53:38","guid":{"rendered":"https:\/\/www.katharinaklutz.de\/abschied\/highlight-pro\/"},"modified":"2025-06-07T20:27:45","modified_gmt":"2025-06-07T18:27:45","slug":"highlight-pro","status":"publish","type":"page","link":"https:\/\/www.katharinaklutz.de\/abschied\/","title":{"rendered":"Front Page"},"content":{"rendered":"<div  data-label=\"Leistungen\" data-id=\"content--1\" data-export-id=\"content-18\" data-category=\"content\" class=\"content-18 content-section content-section-spacing\" id=\"leistungen\" style=\"background-color: rgb(0, 53, 81); background-image: none;\" data-bullets-visibility=\"true\"><div  class=\"gridContainer\"> <div  class=\"row middle-sm\"><div  class=\"col-sm-6 flexbox around-xs top-xs space-bottom-xs space-top-xs\"> <div  class=\"overlay-box flexbox middle-xs center-xs overlay-holder\"><div  class=\"overlay-box-offset offset-background shadow-medium bg-color2 hide-xs\"><\/div> <img  decoding=\"async\" class=\"flexbox shadow-large img1\" data-size=\"500x500\" src=\"https:\/\/www.katharinaklutz.de\/abschied\/wp-content\/uploads\/2024\/10\/cropped-IMG_4886-scaled-1.jpeg\" title=\"KATHARINA KLUTZ\" alt=\"\"><\/div> <\/div> <div  class=\"col-sm-6\" data-type=\"column\"> <h2  class=\"\"><span  style=\"color: rgb(255, 255, 255);\">Leistungen<\/span><\/h2>  <p  class=\"lead\"><span  style=\"color: rgb(255, 255, 255); font-weight: 400;\">Mein Name ist Katharina Klutz, ich bin 1983 geboren und lebe mit meiner Familie in der N\u00e4he von Leipzig. Es liegt mir am Herzen, Ihnen als Hinterbliebene Raum f\u00fcr die Trauer, aber auch Momente der l\u00e4chelnden Erinnerungen zu schaffen, denn Abschied nehmen ist eine tiefgreifende und sehr pers\u00f6nliche Erfahrung. Ich begleite die Abschiedszeremonie w\u00fcrdevoll, pers\u00f6nlich und feinf\u00fchlig.&nbsp;<\/span><br ><br ><span  style=\"color: rgb(255, 255, 255); font-weight: 400;\">\nBei einem gemeinsamen Gespr\u00e4ch nehmen wir uns Zeit, um die W\u00fcnsche des Verstorbenen sowie Ihre Vorstellungen umzusetzen. Dabei erarbeite ich jede Rede individuell und sehr pers\u00f6nlich. Es ist mir ein gro\u00dfes Anliegen, das Leben des Menschen authentisch zu w\u00fcrdigen.&nbsp;<\/span><br ><br ><span  style=\"color: rgb(255, 255, 255); font-weight: 400;\">\nIch freue mich, von Ihnen zu h\u00f6ren.<\/span><\/p><a  class=\"button big color1\" href=\"#kontakt\" target=\"_self\" data-cp-link=\"1\" data-icon=\"fa-comments-o\" rel=\"noopener\"><span  class=\"button-icon fa fa-comments-o\"><\/span>Kontaktieren Sie mich<\/a><\/div> <\/div><\/div> <\/div><div  data-label=\"Imagefilm\" data-id=\"about--3\" data-export-id=\"about-3\" data-category=\"about\" class=\"about-3 content-section content-section-spacing\" id=\"imagefilm\" style=\"background-color: rgb(0, 92, 124); background-image: none;\" data-bullets-visibility=\"true\"><div  class=\"gridContainer\"> <div  class=\"row\"><div  class=\"col-sm-6 col-padding-small-xs col-sm-padding-large bg-color5 white-text content-col\" data-type=\"column\">  <h2  class=\"\"><font  color=\"#343a40\"><span  style=\"caret-color: rgb(52, 58, 64);\">Die Trauerfeier als Lebensfeier.<\/span><\/font><\/h2> <p  class=\"lead\"><font  color=\"#343a40\"><span  style=\"caret-color: rgb(52, 58, 64);\">Dem Wunsch der Angeh\u00f6rigen, die Rede und den Gesang w\u00fcrdevoll zu kombinieren, komme ich gerne nach.&nbsp;<\/span><\/font><\/p><\/div> <div  class=\"col-sm-6 no-gutter-col flexbox-strech center-xs middle-xs\"><div  class=\"lightbox-video dark-overlay shadow-large overlap-x-large flexbox middle-xs center-xs\" data-type=\"group\" data-bg=\"image\" style=\"background-image: url(&quot;https:\/\/www.katharinaklutz.de\/abschied\/wp-content\/uploads\/2024\/10\/cropped-IMG_4889-1-scaled-1.jpeg&quot;);\"> <a  data-fancybox=\"\" data-video-lightbox=\"true\" href=\"https:\/\/youtu.be\/HGn7cLhfZc4?si=-rePLDaMOf-6edCN\" class=\"\"> <i  data-cp-fa=\"true\" class=\"fa video-icon fa-youtube-play color-white\"><\/i><\/a> <\/div><\/div> <\/div><\/div> <\/div><div  data-label=\"Gedicht\" data-id=\"content--3\" data-export-id=\"content-19-2\" data-category=\"content\" class=\"content-19-2 content-section content-section-spacing white-text\" id=\"gedicht\" style=\"background-image: none; background-color: rgb(0, 46, 71);\" data-bullets-visibility=\"true\"><div  class=\"gridContainer\"> <div  class=\"row\"><div  class=\"col-sm-5 flexbox-strech center-xs middle-xs no-gutter-col\"> <div  class=\"flexbox middle-xs center-xs right-img\" data-bg=\"image\" style=\"background-image: url(&quot;https:\/\/www.katharinaklutz.de\/abschied\/wp-content\/uploads\/2024\/10\/cropped-IMG_4884-scaled-1.jpeg&quot;);\"><\/div><\/div> <div  data-type=\"column\" class=\"col-sm-6 content-col text-center content-section-spacing space-bottom-xs shadow\"> <h2  class=\"font-300\">H\u00f6rbeispiel Gedicht<\/h2>  <p  class=\"lead\"><span  style=\"font-weight: 700;\">Du bleibst hier<\/span><br ><span  style=\"font-weight: 700;\">\n(von Katharina Klutz)<\/span>\n<br ><br >\n<span  style=\"font-weight: 400;\">Wie kann das wohl zusammen gehen<\/span><br ><span  style=\"font-weight: 400;\">\nEinen Menschen innig lieben<\/span><br ><span  style=\"font-weight: 400;\">\nDie Zeit, die uns war geblieben<\/span><br ><span  style=\"font-weight: 400;\">\nDie soll nun zu Ende sein?<\/span><br ><span  style=\"font-weight: 400;\">\nUnd es bleiben jetzt die Tr\u00e4nen.\n<\/span><br ><br ><span  style=\"font-weight: 400;\">\nDoch immer wieder wissen wir<\/span><br ><span  style=\"font-weight: 400;\">\nWas wir hatten Sch\u00f6nes an Dir<\/span><br ><span  style=\"font-weight: 400;\">\nAll die Jahre und Dein Lachen<\/span><br ><span  style=\"font-weight: 400;\">\nAll die Liebe, all die Sachen<\/span><br ><span  style=\"font-weight: 400;\">\nIn uns bleibst Du vermisst<\/span><br ><span  style=\"font-weight: 400;\">\nIn uns ist nichts, das Dich je vergisst.\n<\/span><\/p> <div  data-editable=\"true\" data-name=\"ope-custom-content-shortcode\" data-content-shortcode=\"player id='1101'\" class=\"\"><div\n    id=\"h5ap-player-1\"\n    data-id=\"h5ap-player-1\"\n    data-attributes=\"{&quot;uniqueId&quot;:&quot;player1101&quot;,&quot;clientId&quot;:&quot;&quot;,&quot;align&quot;:&quot;&quot;,&quot;alignment&quot;:&quot;left&quot;,&quot;source&quot;:&quot;https:\\\/\\\/www.katharinaklutz.de\\\/abschied\\\/wp-content\\\/uploads\\\/2020\\\/03\\\/H\\u00f6rprobe-Trauerredner.mp3&quot;,&quot;poster&quot;:&quot;&quot;,&quot;title&quot;:&quot;Audio Title&quot;,&quot;artist&quot;:&quot;Author Name&quot;,&quot;color&quot;:&quot;#fff&quot;,&quot;textColor&quot;:&quot;#fff&quot;,&quot;primaryColor&quot;:&quot;#195FF5&quot;,&quot;hoverColor&quot;:&quot;#00B3FF&quot;,&quot;skin&quot;:&quot;Default&quot;,&quot;repeat&quot;:false,&quot;autoplay&quot;:false,&quot;isSticky&quot;:false,&quot;muted&quot;:false,&quot;loader&quot;:true,&quot;saveState&quot;:false,&quot;disablePause&quot;:false,&quot;seekTime&quot;:10,&quot;startTime&quot;:0,&quot;download&quot;:false,&quot;width&quot;:&quot;100%&quot;,&quot;radius&quot;:&quot;10px&quot;,&quot;controls&quot;:{&quot;play&quot;:true,&quot;progress&quot;:true,&quot;duration&quot;:true,&quot;mute&quot;:true,&quot;volume&quot;:true,&quot;settings&quot;:true},&quot;CSS&quot;:&quot;&quot;,&quot;i18n&quot;:{&quot;restart&quot;:&quot;Restart&quot;,&quot;rewind&quot;:&quot;Rewind {seektime}s&quot;,&quot;play&quot;:&quot;Play&quot;,&quot;pause&quot;:&quot;Pause&quot;,&quot;fastForward:&quot;:&quot;Forward {seektime}s&quot;,&quot;seek&quot;:&quot;Seek&quot;,&quot;seekLabel&quot;:&quot;{currentTime} of {duration}&quot;,&quot;played&quot;:&quot;Played&quot;,&quot;buffered&quot;:&quot;Buffered&quot;,&quot;currentTime:&quot;:&quot;Current time&quot;,&quot;duration&quot;:&quot;Duration&quot;,&quot;volume&quot;:&quot;Volume&quot;,&quot;mute&quot;:&quot;Mute&quot;,&quot;unmute&quot;:&quot;Unmute&quot;,&quot;enableCaptions&quot;:&quot;Enable captions&quot;,&quot;disableCaptions&quot;:&quot;Disable captions&quot;,&quot;download&quot;:&quot;Download&quot;,&quot;enterFullscreen&quot;:&quot;Enter fullscreen&quot;,&quot;exitFullscreen&quot;:&quot;Exit fullscreen&quot;,&quot;frameTitle&quot;:&quot;Player for {title}&quot;,&quot;captions&quot;:&quot;Captions&quot;,&quot;settings&quot;:&quot;Settings&quot;,&quot;pip&quot;:&quot;PIP&quot;,&quot;menuBack&quot;:&quot;Go back to previous menu&quot;,&quot;speed&quot;:&quot;Speed&quot;,&quot;normal&quot;:&quot;Normal&quot;,&quot;quality&quot;:&quot;Quality&quot;,&quot;loop&quot;:&quot;Loop&quot;,&quot;start&quot;:&quot;Start&quot;,&quot;end&quot;:&quot;End&quot;,&quot;all&quot;:&quot;All&quot;,&quot;reset&quot;:&quot;Reset&quot;,&quot;disabled&quot;:&quot;Disabled&quot;,&quot;enabled&quot;:&quot;Enabled&quot;,&quot;advertisement&quot;:&quot;Ad&quot;,&quot;qualityBadge&quot;:{&quot;2160&quot;:&quot;4K&quot;,&quot;1440&quot;:&quot;HD&quot;,&quot;1080&quot;:&quot;HD&quot;,&quot;720&quot;:&quot;HD&quot;,&quot;576&quot;:&quot;SD&quot;,&quot;480&quot;:&quot;SD&quot;}},&quot;controlColor&quot;:&quot;#4a5464&quot;,&quot;preload&quot;:&quot;metadata&quot;,&quot;speed&quot;:{&quot;selected&quot;:1,&quot;speed&quot;:[&quot;0.5&quot;,&quot; 0.75&quot;,&quot; 1&quot;,&quot; 1.25&quot;,&quot; 1.5&quot;,&quot; 1.75&quot;,&quot; 2&quot;,&quot; 4&quot;,&quot; 8&quot;]},&quot;multiple_audio&quot;:false,&quot;defaultValue&quot;:{&quot;Default&quot;:{&quot;primaryColor&quot;:&quot;#4A5464&quot;,&quot;controlColor&quot;:&quot;#4A5464&quot;,&quot;bgColor&quot;:&quot;#F5F5F5&quot;},&quot;Fusion&quot;:{&quot;primaryColor&quot;:&quot;#fff&quot;,&quot;bgColor&quot;:&quot;#161616&quot;,&quot;controlColor&quot;:&quot;#fff&quot;},&quot;Stamp&quot;:{&quot;controlColor&quot;:&quot;#fff&quot;,&quot;bgColor&quot;:&quot;#161616&quot;},&quot;Wave&quot;:{&quot;primaryColor&quot;:&quot;#fff&quot;,&quot;controlColor&quot;:&quot;#fff&quot;,&quot;bgColor&quot;:&quot;#161616&quot;,&quot;textColor&quot;:&quot;#fff&quot;},&quot;Card-1&quot;:{&quot;primaryColor&quot;:&quot;#fff&quot;,&quot;controlColor&quot;:&quot;#161616&quot;,&quot;bgColor&quot;:&quot;#161616&quot;,&quot;textColor&quot;:&quot;#fff&quot;},&quot;Card-2&quot;:{&quot;primaryColor&quot;:&quot;#00FBF3&quot;,&quot;controlColor&quot;:&quot;#fff&quot;,&quot;bgColor&quot;:&quot;#161616&quot;,&quot;textColor&quot;:&quot;#fff&quot;},&quot;Simple-1&quot;:{&quot;primaryColor&quot;:&quot;#00dcff&quot;,&quot;controlColor&quot;:&quot;#fff&quot;,&quot;bgColor&quot;:&quot;#161616&quot;,&quot;textColor&quot;:&quot;#00dcff&quot;},&quot;Simple-2&quot;:{&quot;primaryColor&quot;:&quot;#06F7FF00&quot;,&quot;controlColor&quot;:&quot;#fff&quot;,&quot;bgColor&quot;:&quot;#161616&quot;},&quot;Player9&quot;:{&quot;primaryColor&quot;:&quot;#195FF6&quot;,&quot;controlColor&quot;:&quot;#fff&quot;,&quot;bgColor&quot;:&quot;#161616&quot;,&quot;textColor&quot;:&quot;#EDEFF2&quot;},&quot;Player10&quot;:{&quot;primaryColor&quot;:&quot;#195FF6&quot;,&quot;controlColor&quot;:&quot;#fff&quot;,&quot;bgColor&quot;:&quot;#161616&quot;,&quot;textColor&quot;:&quot;#EDEFF2&quot;},&quot;Player11&quot;:{&quot;primaryColor&quot;:&quot;#195FF6&quot;,&quot;controlColor&quot;:&quot;#fff&quot;,&quot;bgColor&quot;:&quot;#161616&quot;,&quot;textColor&quot;:&quot;#fff&quot;}}}\"\n    class=\"wp-block-h5ap-tailwind wp-block-h5ap-audioplayer\">\n            <div class='h5ap_lp'>\n            <div class='bar bar-1'><\/div>\n            <div class='bar bar-1'><\/div>\n        <\/div>\n    <\/div><\/div><\/div> <\/div><\/div> <\/div><div  data-label=\"Gesang\" data-id=\"about--2\" data-export-id=\"about-3\" data-category=\"about\" class=\"about-3 content-section content-section-spacing\" id=\"gesang\" style=\"background-color: rgb(0, 92, 124); background-image: none;\" data-bullets-visibility=\"true\"><div  class=\"gridContainer\"> <div  class=\"row\"><div  class=\"col-sm-6 col-padding-small-xs col-sm-padding-large bg-color5 white-text content-col\" data-type=\"column\">  <h2  class=\"\">Gesang<\/h2> <p  class=\"lead\"><span  style=\"font-weight: 400;\">Kaum etwas kann Emotionen so gut umschreiben, wie es die Musik vermag.\n<\/span>\n<br ><br ><span  style=\"font-weight: 400;\">\nDenn was das einzelne Wort nicht mehr beschreiben kann, dr\u00fcckt die Musik aus. Einf\u00fchlsamer Gesang gibt der Abschiedsfeier eine ber\u00fchrende Note. Gern berate ich Sie hierzu als S\u00e4ngerin und setze Ihre Vorstellungen um.<\/span> Auf Wunsch ist die Kombination aus Rede und Gesang buchbar. <\/p><\/div> <div  class=\"col-sm-6 no-gutter-col flexbox-strech center-xs middle-xs\"><div  class=\"lightbox-video dark-overlay shadow-large overlap-x-large flexbox middle-xs center-xs\" data-type=\"group\" data-bg=\"image\" style=\"background-image: url(&quot;https:\/\/www.katharinaklutz.de\/abschied\/wp-content\/uploads\/2024\/10\/cropped-IMG_4887-scaled-2.jpeg&quot;);\"> <a  data-fancybox=\"\" data-video-lightbox=\"true\" href=\"https:\/\/www.youtube.com\/watch?v=Ww6uYwnyYco\" class=\"\" target=\"_self\" rel=\"noopener\"> <i  data-cp-fa=\"true\" class=\"fa video-icon fa-play color-white\"><\/i><\/a> <\/div><\/div> <\/div><\/div> <\/div><div  data-label=\"Seminar\" data-id=\"content--5\" data-export-id=\"content-19-2\" data-category=\"content\" class=\"content-19-2 content-section content-section-spacing white-text\" id=\"seminar\" style=\"background-image: none; background-color: rgb(0, 46, 71);\" data-bullets-visibility=\"true\"><div  class=\"gridContainer\"> <div  class=\"row\"><div  class=\"col-sm-5 flexbox-strech center-xs middle-xs no-gutter-col\"> <div  class=\"flexbox middle-xs center-xs right-img\" data-bg=\"image\" style=\"background-image: url(&quot;https:\/\/www.katharinaklutz.de\/abschied\/wp-content\/uploads\/2022\/12\/cropped-startup-gc0f83bdaf_1920-e1671619880905.jpg&quot;);\"><\/div><\/div> <div  data-type=\"column\" class=\"col-sm-6 content-col text-center content-section-spacing space-bottom-xs shadow\"><img  decoding=\"async\" class=\"custom-image\" src=\"https:\/\/www.katharinaklutz.de\/abschied\/wp-content\/uploads\/2022\/12\/Original-on-Transparent.png\" title=\"Original on Transparent\" alt=\"\"> <h2  class=\"font-300\">Ausbildung Ganzheitliche:r Trauerredner:in<\/h2><p  class=\"lead\">Limitiert auf 10 Pl\u00e4tze!<\/p>   <a  href=\"https:\/\/ganzheitlicheausbildungen.de\" class=\"button color3\" target=\"_blank\" data-cp-link=\"1\" data-icon=\"fa-external-link\" rel=\"noopener\"><span  class=\"button-icon fa fa-external-link\"><\/span>Zur Webseite<\/a><\/div> <\/div><\/div> <\/div><div  data-label=\"Kontakt\" data-id=\"contact--1\" data-export-id=\"contact-1-mc\" data-category=\"contact\" class=\"contact-1-mc content-section content-section-spacing white-text\" data-parallax-depth=\"20\" id=\"kontakt\" style=\"background-color: rgb(255, 255, 255); background-image: url(&quot;https:\/\/www.katharinaklutz.de\/abschied\/wp-content\/uploads\/2021\/09\/contact_bg.jpg&quot;); background-size: cover; background-position: center top;\" data-bullets-visibility=\"true\"><div  class=\"gridContainer\"> <div  class=\"row text-center\"><div  class=\"section-title-col\" data-type=\"column\">  <h2  class=\"\">Kontaktieren Sie mich<\/h2> <\/div> <\/div> <div  class=\"row text-center\"> <div  class=\"col-xs-12 col-sm-8 col-sm-offset-2 contact-form-wrapper inline-info\"> <div  class=\"card large-padding\"> <div  class=\"\" data-content-shortcode=\"mesmerize_contact_form shortcode=&quot;contact-form-7 id=&amp;amp;quot;1067&amp;amp;quot; title=&amp;amp;quot;Kontakt&amp;amp;quot;&quot;\" data-editable=\"true\">\n<div class=\"wpcf7 no-js\" id=\"wpcf7-f1067-o1\" lang=\"de-DE\" dir=\"ltr\" data-wpcf7-id=\"1067\">\n<div class=\"screen-reader-response\"><p role=\"status\" aria-live=\"polite\" aria-atomic=\"true\"><\/p> <ul><\/ul><\/div>\n<form action=\"\/abschied\/wp-json\/wp\/v2\/pages\/1051#wpcf7-f1067-o1\" method=\"post\" class=\"wpcf7-form init\" aria-label=\"Kontaktformular\" novalidate=\"novalidate\" data-status=\"init\">\n<fieldset class=\"hidden-fields-container\"><input type=\"hidden\" name=\"_wpcf7\" value=\"1067\" \/><input type=\"hidden\" name=\"_wpcf7_version\" value=\"6.1.5\" \/><input type=\"hidden\" name=\"_wpcf7_locale\" value=\"de_DE\" \/><input type=\"hidden\" name=\"_wpcf7_unit_tag\" value=\"wpcf7-f1067-o1\" \/><input type=\"hidden\" name=\"_wpcf7_container_post\" value=\"0\" \/><input type=\"hidden\" name=\"_wpcf7_posted_data_hash\" value=\"\" \/><input type=\"hidden\" name=\"_wpcf7_recaptcha_response\" value=\"\" \/>\n<\/fieldset>\n<p><label> Vorname <b style=\"color:#005C7C;\">*<\/b><br \/>\n<span class=\"wpcf7-form-control-wrap\" data-name=\"vorname\"><input size=\"40\" maxlength=\"400\" class=\"wpcf7-form-control wpcf7-text wpcf7-validates-as-required\" aria-required=\"true\" aria-invalid=\"false\" value=\"\" type=\"text\" name=\"vorname\" \/><\/span> <\/label>\n<\/p>\n<p><label> Nachname <b style=\"color:#005C7C;\">*<\/b><br \/>\n<span class=\"wpcf7-form-control-wrap\" data-name=\"nachname\"><input size=\"40\" maxlength=\"400\" class=\"wpcf7-form-control wpcf7-text wpcf7-validates-as-required\" aria-required=\"true\" aria-invalid=\"false\" value=\"\" type=\"text\" name=\"nachname\" \/><\/span> <\/label>\n<\/p>\n<p><label> E-Mail-Adresse <b style=\"color:#005C7C;\">*<\/b><br \/>\n<span class=\"wpcf7-form-control-wrap\" data-name=\"email\"><input size=\"40\" maxlength=\"400\" class=\"wpcf7-form-control wpcf7-email wpcf7-validates-as-required wpcf7-text wpcf7-validates-as-email\" aria-required=\"true\" aria-invalid=\"false\" value=\"\" type=\"email\" name=\"email\" \/><\/span> <\/label>\n<\/p>\n<p><label> Telefonnummer <b style=\"color:#005C7C;\">*<\/b><br \/>\n<span class=\"wpcf7-form-control-wrap\" data-name=\"tel\"><input size=\"40\" maxlength=\"400\" class=\"wpcf7-form-control wpcf7-tel wpcf7-validates-as-required wpcf7-text wpcf7-validates-as-tel\" aria-required=\"true\" aria-invalid=\"false\" value=\"\" type=\"tel\" name=\"tel\" \/><\/span> <\/label>\n<\/p>\n<p><label> Nachricht <b style=\"color:#005C7C;\">*<\/b><br \/>\n<span class=\"wpcf7-form-control-wrap\" data-name=\"nachricht\"><textarea cols=\"40\" rows=\"10\" maxlength=\"2000\" class=\"wpcf7-form-control wpcf7-textarea wpcf7-validates-as-required\" aria-required=\"true\" aria-invalid=\"false\" name=\"nachricht\"><\/textarea><\/span> <\/label>\n<\/p>\n<p><label><b style=\"color:#005C7C;\">*<\/b> Pflichtfeld<\/label>\n<\/p>\n<p><input class=\"wpcf7-form-control wpcf7-submit has-spinner\" type=\"submit\" value=\"Senden\" \/>\n<\/p><div class=\"wpcf7-response-output\" aria-hidden=\"true\"><\/div>\n<\/form>\n<\/div>\n<\/div><\/div> <\/div><\/div> <\/div><\/div>","protected":false},"excerpt":{"rendered":"<p>Leistungen Mein Name ist Katharina Klutz, ich bin 1983 geboren und lebe mit meiner Familie in der N\u00e4he von Leipzig. Es liegt mir am Herzen, Ihnen als Hinterbliebene Raum f\u00fcr die Trauer, aber auch Momente der l\u00e4chelnden Erinnerungen zu schaffen, denn Abschied nehmen ist eine tiefgreifende und sehr pers\u00f6nliche Erfahrung. Ich begleite die Abschiedszeremonie w\u00fcrdevoll,&hellip; <br \/> <a class=\"read-more\" href=\"https:\/\/www.katharinaklutz.de\/abschied\/\">Read more<\/a><\/p>\n","protected":false},"author":2,"featured_media":0,"parent":0,"menu_order":0,"comment_status":"closed","ping_status":"closed","template":"page-templates\/homepage.php","meta":{"h5ap_radio_sources":[],"footnotes":""},"class_list":["post-1051","page","type-page","status-publish","hentry"],"_links":{"self":[{"href":"https:\/\/www.katharinaklutz.de\/abschied\/wp-json\/wp\/v2\/pages\/1051","targetHints":{"allow":["GET"]}}],"collection":[{"href":"https:\/\/www.katharinaklutz.de\/abschied\/wp-json\/wp\/v2\/pages"}],"about":[{"href":"https:\/\/www.katharinaklutz.de\/abschied\/wp-json\/wp\/v2\/types\/page"}],"author":[{"embeddable":true,"href":"https:\/\/www.katharinaklutz.de\/abschied\/wp-json\/wp\/v2\/users\/2"}],"replies":[{"embeddable":true,"href":"https:\/\/www.katharinaklutz.de\/abschied\/wp-json\/wp\/v2\/comments?post=1051"}],"version-history":[{"count":33,"href":"https:\/\/www.katharinaklutz.de\/abschied\/wp-json\/wp\/v2\/pages\/1051\/revisions"}],"predecessor-version":[{"id":1258,"href":"https:\/\/www.katharinaklutz.de\/abschied\/wp-json\/wp\/v2\/pages\/1051\/revisions\/1258"}],"wp:attachment":[{"href":"https:\/\/www.katharinaklutz.de\/abschied\/wp-json\/wp\/v2\/media?parent=1051"}],"curies":[{"name":"wp","href":"https:\/\/api.w.org\/{rel}","templated":true}]}}